{"id":30,"date":"2019-07-03T06:06:58","date_gmt":"2019-07-03T06:06:58","guid":{"rendered":"http:\/\/127.0.0.1\/wordpress\/?page_id=20"},"modified":"2020-02-11T09:00:49","modified_gmt":"2020-02-11T09:00:49","slug":"inicio","status":"publish","type":"page","link":"https:\/\/www.enriquegrossl.es\/","title":{"rendered":"Inicio"},"content":{"rendered":"<h1>Bienvenido a ENRIQUE GROS S.L.<\/h1>\n<p>En nuestra oficina encontrar\u00e1 el asesoramiento profesional para todas sus consultas particulares o a nivel empresarial. Los conocimientos de nuestros expertos , por su larga experiencia y formaci\u00f3n, nos permiten asistirle, tanto en las tareas m\u00e1s sencillas de su empresa, como en las operaciones m\u00e1s complejas de la gesti\u00f3n empresarial. Valoramos muy especialmente el ofrecer un asesoramiento personalizado a nuestros clientes, basado en la mutua confianza.<\/p>\n<p>A continuaci\u00f3n, le ofreceremos m\u00e1s informaci\u00f3n para que nos conozca m\u00e1s a fondo.<\/p>\n\n\n<p><\/p>\n","protected":false},"excerpt":{"rendered":"<p>Bienvenido a ENRIQUE GROS S.L. En nuestra oficina encontrar\u00e1 el asesoramiento profesional para todas sus consultas particulares o a nivel empresarial. Los conocimientos de nuestros expertos , por su larga experiencia y formaci\u00f3n, nos permiten asistirle, tanto en las tareas m\u00e1s sencillas de su empresa, como en las operaciones m\u00e1s complejas de la gesti\u00f3n empresarial. &hellip; <\/p>\n<p class=\"link-more\"><a href=\"https:\/\/www.enriquegrossl.es\/\" class=\"more-link\">Continuar leyendo<span class=\"screen-reader-text\"> \u00abInicio\u00bb<\/span><\/a><\/p>\n","protected":false},"author":2,"featured_media":0,"parent":0,"menu_order":0,"comment_status":"closed","ping_status":"closed","template":"","meta":{"footnotes":""},"class_list":["post-30","page","type-page","status-publish","hentry"],"_links":{"self":[{"href":"https:\/\/www.enriquegrossl.es\/index.php\/wp-json\/wp\/v2\/pages\/30","targetHints":{"allow":["GET"]}}],"collection":[{"href":"https:\/\/www.enriquegrossl.es\/index.php\/wp-json\/wp\/v2\/pages"}],"about":[{"href":"https:\/\/www.enriquegrossl.es\/index.php\/wp-json\/wp\/v2\/types\/page"}],"author":[{"embeddable":true,"href":"https:\/\/www.enriquegrossl.es\/index.php\/wp-json\/wp\/v2\/users\/2"}],"replies":[{"embeddable":true,"href":"https:\/\/www.enriquegrossl.es\/index.php\/wp-json\/wp\/v2\/comments?post=30"}],"version-history":[{"count":2,"href":"https:\/\/www.enriquegrossl.es\/index.php\/wp-json\/wp\/v2\/pages\/30\/revisions"}],"predecessor-version":[{"id":587,"href":"https:\/\/www.enriquegrossl.es\/index.php\/wp-json\/wp\/v2\/pages\/30\/revisions\/587"}],"wp:attachment":[{"href":"https:\/\/www.enriquegrossl.es\/index.php\/wp-json\/wp\/v2\/media?parent=30"}],"curies":[{"name":"wp","href":"https:\/\/api.w.org\/{rel}","templated":true}]}}