{"id":364,"date":"2019-07-03T06:06:58","date_gmt":"2019-07-03T06:06:58","guid":{"rendered":"http:\/\/127.0.0.1\/wordpress\/?page_id=23"},"modified":"2019-12-19T11:27:22","modified_gmt":"2019-12-19T11:27:22","slug":"galeria","status":"publish","type":"page","link":"https:\/\/www.enriquegrossl.es\/index.php\/galeria\/","title":{"rendered":"GALERIA INMUEBLES"},"content":{"rendered":"\n<h1 class=\"wp-block-heading\">SERVICIOS INMOBILIARIOS<\/h1>\n\n\n\n<p>En este departamento puedes ver ejemplos de nuestra inmobiliaria, podr\u00e1 encontrar los inmuebles disponibles tanto para la venta como para el alquiler, con la garant\u00eda de ofrecerle el mejor servicio y las mejores condiciones&nbsp; para nuestros clientes. Para acceder a la inmobiliaria y no poder ver mas inmuebles, pulse sobre el boton acceder.<\/p>\n\n\n\n<div class=\"wp-block-button\"><a class=\"wp-block-button__link\" href=\"https:\/\/www.enriquegrossl.es\/index.php\/inmobiliaria\/\">ACCEDER <\/a><\/div>\n\n\n\n    <div data-search-form-selector='.js-es-search:not(.es-search--ignore-ajax)'>\n\n<div class=\"es-properties js-es-properties js-es-entities-wrap es-properties--hfm--full-width\">\n    \n    <div class=\"es-properties__list\">\n\t    \n<div class=\"es-listings__wrap-inner js-es-listings__wrap-inner js-es-entities__wrap_inner et_smooth_scroll_disabled\">\n    \n    <div data-entity=\"listings\" class=\"js-es-listings js-es-entities es-listings es-listings--list\" data-layout=\"es-listings--list\" data-hash=\"bGF5b3V0PWxpc3QgfCAzX2NvbCB8IDJfY29sJnBvc3RzX3Blcl9wYWdlPTQwJmRpc2FibGVfbmF2YmFyPTAmc2hvd19zb3J0PTEmc2hvd190b3RhbD0xJnNob3dfcGFnZV90aXRsZT0xJnNob3dfbGF5b3V0cz0xJnNvcnQ9bmV3ZXN0JmxpbWl0PTAmbG9vcF91aWQ9MSZwYWdlX3RpdGxlPUdBTEVSSUEgSU5NVUVCTEVTJmlnbm9yZV9zZWFyY2g9MCZzZWFyY2hfZm9ybV9zZWxlY3Rvcj0uanMtZXMtc2VhcmNoOm5vdCguZXMtc2VhcmNoLS1pZ25vcmUtYWpheCkmZW5hYmxlX3NlYXJjaD0wJnNlYXJjaF90eXBlPXNpbXBsZSZlbmFibGVfYWpheD0xJnZpZXdfYWxsX2xpbmtfbmFtZT1WZXIgdG9kbyZkaXNhYmxlX3BhZ2luYXRpb249MCZ3aXNobGlzdF9jb25maXJtPTAmaGZtX2Z1bGxfd2lkdGg9MSZfaWdub3JlX2Nvb3JkaW5hdGVzPTAmZmllbGRzX2RlbGltaXRlcj0sJnN0cmljdF9hZGRyZXNzPTAmbWFwX3Nob3c9MCZhdXRob3JzPTA=\">\n            <\/div>\n\t        <div class=\"es-no-found-posts\">\n\t<h2 class=\"es-no-found-posts__title heading-font\">No hay resultados\n<\/h2>\n\t<p class=\"content-font\">Ajuste su b\u00fasqueda cambiando los filtros.\n<\/p>\n    <\/div>\n        <div class='es-powered content-font'>Powered by <a target='_blank' href='https:\/\/estatik.net'>Estatik<\/a><\/div><\/div>\n    <\/div>\n    <div class=\"js-es-properties__map es-properties__map \">\n\t        <div class=\"es-map-error content-font\">\n        \u00a1UPS! Esta p\u00e1gina no carg\u00f3 Google Maps correctamente. P\u00f3ngase en contacto con el administrador para solucionar este problema.    <\/div>\n    <\/div>\n<\/div>\n\n    <\/div>\n\n\n\n\n<p><\/p>\n","protected":false},"excerpt":{"rendered":"<p>SERVICIOS INMOBILIARIOS En este departamento puedes ver ejemplos de nuestra inmobiliaria, podr\u00e1 encontrar los inmuebles disponibles tanto para la venta como para el alquiler, con la garant\u00eda de ofrecerle el mejor servicio y las mejores condiciones&nbsp; para nuestros clientes. Para acceder a la inmobiliaria y no poder ver mas inmuebles, pulse sobre el boton acceder.<\/p>\n","protected":false},"author":2,"featured_media":539,"parent":0,"menu_order":0,"comment_status":"closed","ping_status":"closed","template":"","meta":{"footnotes":""},"class_list":["post-364","page","type-page","status-publish","has-post-thumbnail","hentry"],"_links":{"self":[{"href":"https:\/\/www.enriquegrossl.es\/index.php\/wp-json\/wp\/v2\/pages\/364","targetHints":{"allow":["GET"]}}],"collection":[{"href":"https:\/\/www.enriquegrossl.es\/index.php\/wp-json\/wp\/v2\/pages"}],"about":[{"href":"https:\/\/www.enriquegrossl.es\/index.php\/wp-json\/wp\/v2\/types\/page"}],"author":[{"embeddable":true,"href":"https:\/\/www.enriquegrossl.es\/index.php\/wp-json\/wp\/v2\/users\/2"}],"replies":[{"embeddable":true,"href":"https:\/\/www.enriquegrossl.es\/index.php\/wp-json\/wp\/v2\/comments?post=364"}],"version-history":[{"count":2,"href":"https:\/\/www.enriquegrossl.es\/index.php\/wp-json\/wp\/v2\/pages\/364\/revisions"}],"predecessor-version":[{"id":541,"href":"https:\/\/www.enriquegrossl.es\/index.php\/wp-json\/wp\/v2\/pages\/364\/revisions\/541"}],"wp:featuredmedia":[{"embeddable":true,"href":"https:\/\/www.enriquegrossl.es\/index.php\/wp-json\/wp\/v2\/media\/539"}],"wp:attachment":[{"href":"https:\/\/www.enriquegrossl.es\/index.php\/wp-json\/wp\/v2\/media?parent=364"}],"curies":[{"name":"wp","href":"https:\/\/api.w.org\/{rel}","templated":true}]}}