{"id":365,"date":"2019-07-03T06:06:58","date_gmt":"2019-07-03T06:06:58","guid":{"rendered":"http:\/\/127.0.0.1\/wordpress\/?page_id=24"},"modified":"2019-12-19T11:10:18","modified_gmt":"2019-12-19T11:10:18","slug":"una-seccion-de-la-pagina-de-inicio","status":"publish","type":"page","link":"https:\/\/www.enriquegrossl.es\/index.php\/una-seccion-de-la-pagina-de-inicio\/","title":{"rendered":"Servicios"},"content":{"rendered":"\n<h2 class=\"wp-block-heading\">DEPARTAMENTO FISCAL<\/h2>\n\n\n\n<p>Ofrecemos una gama completa de servicios en asesoramientofiscal, siempre al d\u00eda de los cambios m\u00e1s recientes.<\/p>\n\n\n\n<h2 class=\"wp-block-heading\">DEPARTAMENTO LABORAL<\/h2>\n\n\n\n<p>En estedepartamento le asesoramos y gestionamos los tr\u00e1mites necesarios sobre cualquier asusnto relacionado con el \u00e1mbito Laboral y de Seguridad Socila.<\/p>\n\n\n\n<h2 class=\"wp-block-heading\">DEPARTAMENTO CONTABLE <\/h2>\n\n\n\n<p>Desde este departamento se organiza y mecaniza toda la contabilidad de su empresa, incluso desde el propio domicilio, seg\u00fan casos.<\/p>\n\n\n\n<h2 class=\"wp-block-heading\">DEPARTAMENTO FINANCIERO<\/h2>\n\n\n\n<p>En este departamento analizamos la situaci\u00f3n financiera de laempresa, buscando los puntos d\u00e9biles y fuertes, sus necesidades, aconsej\u00e1ndole las mejores soluciones ante los problemas detectados. <\/p>\n\n\n\n<h2 class=\"wp-block-heading\">DEPARTAMENTO MERCANTIL<\/h2>\n\n\n\n<p>Asesoramos desde el campo mercantil sobre la constituci\u00f3n de todo tipo de empresas.<\/p>\n\n\n\n<h2 class=\"wp-block-heading\">DEPARTAMENTO INMOBILIARIO<\/h2>\n\n\n\n<p>Servicio de compra y venta de inmuebles y solares as\u00ed como la gesti\u00f3n de los alquileres,  realizaci\u00f3n de contratos.       <\/p>\n\n\n\n<h2 class=\"wp-block-heading\"> DEPARTAMENTO JURIDICO&nbsp; <\/h2>\n\n\n\n<p> Asesoramiento Jur\u00eddico.&nbsp; <\/p>\n\n\n\n<h2 class=\"wp-block-heading\"> DEPARTAMENTO DE GESTION DE PATRIMONIOS&nbsp; <\/h2>\n\n\n\n<p> En este Departamento le asesoramos y ayudamos a gestionar su patrimonio en el&nbsp;m\u00e1s&nbsp;amplio sentido de la palabra.&nbsp; <\/p>\n\n\n\n<h2 class=\"wp-block-heading\"> DEPARTAMENTO DE GESTORIA&nbsp; <\/h2>\n\n\n\n<p> En nuestra secci\u00f3n de&nbsp;Gestor\u00eda, le asesoramos y gestionamos cualquier tr\u00e1mite.&nbsp; <\/p>\n\n\n\n<h2 class=\"wp-block-heading\"> DEPARTAMENTO DE SEGUROS GENERALES&nbsp; <\/h2>\n\n\n\n<p> En este departamento le asesoramos y gestionamos los tr\u00e1mites necesarios sobre cualquier asunto relacionado con la contrataci\u00f3n de Seguros Generales, tanto particulares como para la empresa.&nbsp; <\/p>\n\n\n\n<h2 class=\"wp-block-heading\"> DEPARTAMENTO DE PREVENCION DE RIESGOS LABORALES&nbsp; <\/h2>\n\n\n\n<p> En este Departamento le asesoramos y le ayudamos a cumplir con las obligaciones marcadas por la Ley de Prevenci\u00f3n de Riesgos Laborales.&nbsp; <\/p>\n\n\n\n<h2 class=\"wp-block-heading\"> DEPARTAMENTO DE PROTECCION DE DATOS&nbsp; <\/h2>\n\n\n\n<p>\n\nPor medio de la empresa&nbsp;Prodatur&nbsp;Bajo Arag\u00f3n S.L. procedemos a asesorar y ayudar a cumplir con la Ley Org\u00e1nica 15\/1999 de Protecci\u00f3n de Datos de Car\u00e1cter Personal.&nbsp;\n\n<\/p>\n","protected":false},"excerpt":{"rendered":"<p>DEPARTAMENTO FISCAL Ofrecemos una gama completa de servicios en asesoramientofiscal, siempre al d\u00eda de los cambios m\u00e1s recientes. DEPARTAMENTO LABORAL En estedepartamento le asesoramos y gestionamos los tr\u00e1mites necesarios sobre cualquier asusnto relacionado con el \u00e1mbito Laboral y de Seguridad Socila. DEPARTAMENTO CONTABLE Desde este departamento se organiza y mecaniza toda la contabilidad de su &hellip; <\/p>\n<p class=\"link-more\"><a href=\"https:\/\/www.enriquegrossl.es\/index.php\/una-seccion-de-la-pagina-de-inicio\/\" class=\"more-link\">Continuar leyendo<span class=\"screen-reader-text\"> \u00abServicios\u00bb<\/span><\/a><\/p>\n","protected":false},"author":2,"featured_media":532,"parent":0,"menu_order":0,"comment_status":"closed","ping_status":"closed","template":"","meta":{"footnotes":""},"class_list":["post-365","page","type-page","status-publish","has-post-thumbnail","hentry"],"_links":{"self":[{"href":"https:\/\/www.enriquegrossl.es\/index.php\/wp-json\/wp\/v2\/pages\/365","targetHints":{"allow":["GET"]}}],"collection":[{"href":"https:\/\/www.enriquegrossl.es\/index.php\/wp-json\/wp\/v2\/pages"}],"about":[{"href":"https:\/\/www.enriquegrossl.es\/index.php\/wp-json\/wp\/v2\/types\/page"}],"author":[{"embeddable":true,"href":"https:\/\/www.enriquegrossl.es\/index.php\/wp-json\/wp\/v2\/users\/2"}],"replies":[{"embeddable":true,"href":"https:\/\/www.enriquegrossl.es\/index.php\/wp-json\/wp\/v2\/comments?post=365"}],"version-history":[{"count":2,"href":"https:\/\/www.enriquegrossl.es\/index.php\/wp-json\/wp\/v2\/pages\/365\/revisions"}],"predecessor-version":[{"id":538,"href":"https:\/\/www.enriquegrossl.es\/index.php\/wp-json\/wp\/v2\/pages\/365\/revisions\/538"}],"wp:featuredmedia":[{"embeddable":true,"href":"https:\/\/www.enriquegrossl.es\/index.php\/wp-json\/wp\/v2\/media\/532"}],"wp:attachment":[{"href":"https:\/\/www.enriquegrossl.es\/index.php\/wp-json\/wp\/v2\/media?parent=365"}],"curies":[{"name":"wp","href":"https:\/\/api.w.org\/{rel}","templated":true}]}}