{"id":553,"date":"2019-12-20T08:51:45","date_gmt":"2019-12-20T08:51:45","guid":{"rendered":"https:\/\/www.enriquegrossl.es\/index.php\/busqueda-avanzada-y-presentacion-de-diapositivas\/"},"modified":"2019-12-20T08:51:45","modified_gmt":"2019-12-20T08:51:45","slug":"busqueda-avanzada-y-presentacion-de-diapositivas","status":"publish","type":"page","link":"https:\/\/www.enriquegrossl.es\/index.php\/busqueda-avanzada-y-presentacion-de-diapositivas\/","title":{"rendered":"busqueda-avanzada-y-presentacion-de-diapositivas"},"content":{"rendered":"<p>[es_property_slideshow show=\u00bball\u00bb slider effect=\u00bbhorizontal\u00bb slides_to_show=\u00bb3&#8243; show_arrows=1]<br \/>\n<div class=\"es-search js-es-search et_smooth_scroll_disabled es-search--ignore-ajax es-search--advanced es-search--horizontal js-es-search--advanced\">\n    <form action=\"https:\/\/www.enriquegrossl.es\/index.php\/busqueda-avanzada-y-presentacion-de-diapositivas\/\" role=\"search\" method=\"get\">\n        <input type=\"hidden\" name=\"es\" value=\"1\"\/>\n\n\t                <input type=\"hidden\" name=\"s\"\/>\n            <input type=\"hidden\" name=\"post_type\" value=\"properties\"\/>\n\t    \n                    <h3>Advanced Search<\/h3>\n        \n\t                <div class=\"es-search__address\">\n                <label class=\"es-field es-field__address\">\n                    <input type=\"text\" value=\"\" name=\"address\" class=\"js-es-address\" placeholder=\"Direcci\u00f3n, Ciudad, C\u00f3digo Postal\n\">\n                <\/label>\n                <button type=\"submit\" class=\"es-btn es-btn--primary es-btn--icon\">\n                    <span class=\"es-icon es-icon_search\"><\/span>\n                <\/button>\n            <\/div>\n\t    \n                                    <div class='es-field-row es-field-row__range js-search-field-container'>\n                               <div class='js-es-field es-field es-field__min_price es-field--select '>\n                                   <label for='price-min-69f3b5e61e487'><span class='es-field__label'>Precio\n<\/span>\n\t\t\t<select id=\"price-min-69f3b5e61e487\" name=\"min_price\" placeholder=\"M\u00ednimo\n\" class=\"js-es-search-field js-es-search-field--price js-es-search-field--price-min es-field__input\" data-single_unit=\"\" data-plural_unit=\"\" data-prices-list=\"[]\" data-base-name=\"price\" data-placeholder=\"M\u00ednimo\n\" ><option value=''>M\u00ednimo\n<\/option><option value=''  selected='selected'><\/option><option value='50000' >$50,000<\/option><option value='75000' >$75,000<\/option><option value='100000' >$100,000<\/option><option value='125000' >$125,000<\/option><option value='150000' >$150,000<\/option><option value='175000' >$175,000<\/option><option value='200000' >$200,000<\/option><option value='300000' >$300,000<\/option><option value='400000' >$400,000<\/option><option value='500000' >$500,000<\/option><option value='600000' >$600,000<\/option><option value='700000' >$700,000<\/option><option value='800000' >$800,000<\/option><option value='900000' >$900,000<\/option><option value='1000000' >$1,000,000<\/option><option value='1250000' >$1,250,000<\/option><option value='1500000' >$1,500,000<\/option><option value='1750000' >$1,750,000<\/option><option value='2000000' >$2,000,000<\/option><option value='2500000' >$2,500,000<\/option><option value='3000000' >$3,000,000<\/option><option value='5000000' >$5,000,000<\/option><option value='10000000' >$10,000,000<\/option><\/select>\n\t\t<\/label>\n                               <\/div>\n                           \n                               <div class='js-es-field es-field es-field__max_price es-field--select '>\n                                   <label for='price-max-69f3b5e61e487'>\n\t\t\t<select id=\"price-max-69f3b5e61e487\" name=\"max_price\" placeholder=\"M\u00e1x.\n\" class=\"js-es-search-field js-es-search-field--price js-es-search-field--price-max es-field__input\" data-single_unit=\"\" data-plural_unit=\"\" data-prices-list=\"[]\" data-base-name=\"price\" data-placeholder=\"M\u00e1x.\n\" ><option value=''>M\u00e1x.\n<\/option><option value=''  selected='selected'><\/option><option value='75000' >$75,000<\/option><option value='100000' >$100,000<\/option><option value='125000' >$125,000<\/option><option value='150000' >$150,000<\/option><option value='175000' >$175,000<\/option><option value='200000' >$200,000<\/option><option value='300000' >$300,000<\/option><option value='400000' >$400,000<\/option><option value='500000' >$500,000<\/option><option value='600000' >$600,000<\/option><option value='700000' >$700,000<\/option><option value='800000' >$800,000<\/option><option value='900000' >$900,000<\/option><option value='1000000' >$1,000,000<\/option><option value='1250000' >$1,250,000<\/option><option value='1500000' >$1,500,000<\/option><option value='1750000' >$1,750,000<\/option><option value='2000000' >$2,000,000<\/option><option value='2500000' >$2,500,000<\/option><option value='3000000' >$3,000,000<\/option><option value='5000000' >$5,000,000<\/option><option value='10000000' >$10,000,000<\/option><option value='20000000' >$20,000,000<\/option><\/select>\n\t\t<\/label>\n                               <\/div>\n                           <\/div>                            \n                               <div class='js-es-field es-field es-field__country es-field--select js-es-field__country js-search-field-container es-field--disabled'>\n                                   <label for='country-69f3b5e62305c'><span class='es-field__label'>Pa\u00eds \/ Regi\u00f3n<\/span>\n\t\t\t<select id=\"country-69f3b5e62305c\" name=\"country\" class=\"js-es-search-field js-es-search-field--country es-field__input\" data-single_unit=\"\" data-plural_unit=\"\" disabled=\"disabled\" data-placeholder=\"Elige pa\u00eds\" data-address-components=\"[&quot;country&quot;]\" data-dependency-fields=\"[&quot;state&quot;]\" data-value=\"\" data-base-name=\"country\" ><option><\/option><\/select>\n\t\t<\/label>\n                               <\/div>\n                                                       \n                               <div class='js-es-field es-field es-field__state es-field--select js-es-field__state js-search-field-container es-field--disabled'>\n                                   <label for='state-69f3b5e6230a9'><span class='es-field__label'>Estado\n<\/span>\n\t\t\t<select id=\"state-69f3b5e6230a9\" name=\"state\" class=\"js-es-search-field js-es-search-field--state es-field__input\" data-single_unit=\"\" data-plural_unit=\"\" disabled=\"disabled\" data-placeholder=\"Elige estado\n\" data-address-components=\"[&quot;administrative_area_level_1&quot;]\" data-dependency-fields=\"[&quot;city&quot;,&quot;province&quot;]\" data-value=\"\" data-base-name=\"state\" ><option><\/option><\/select>\n\t\t<\/label>\n                               <\/div>\n                                                       \n                               <div class='js-es-field es-field es-field__city es-field--select js-es-field__city js-search-field-container es-field--disabled'>\n                                   <label for='city-69f3b5e6230dd'><span class='es-field__label'>Ciudad \/ Departamento<\/span>\n\t\t\t<select id=\"city-69f3b5e6230dd\" name=\"city[]\" class=\"js-es-search-field js-es-search-field--city es-field__input\" multiple=\"multiple\" data-single_unit=\"\" data-plural_unit=\"\" disabled=\"disabled\" data-placeholder=\"Elige ciudad\n\" data-address-components=\"[&quot;locality&quot;]\" data-value=\"\" data-base-name=\"city\" ><option><\/option><\/select>\n\t\t<\/label>\n                               <\/div>\n                                                                                                                                           \n                               <div class='es-field es-field__from_bedrooms es-field--radio-bordered  js-search-field-container'>\n                                   <span class='es-field__label'>Dormitorios<\/span><div class='es-field-row'><input type='hidden' name='from_bedrooms' value=''\/>\n                               <div class='es-field es-field__from_bedrooms es-field--radio-item-bordered '>\n                                   <div class='es-radio--bordered'><input id=\"from_bedrooms-69f3b5e623a85-\" name=\"from_bedrooms\" class=\"js-es-search-field js-es-search-field--bedrooms es-field__input es-field__input\" data-single_unit=\"cama\" data-plural_unit=\"camas\" data-formatter=\"beds\" data-base-name=\"bedrooms\" type=\"radio\" value=\"\" \/><label for='from_bedrooms-69f3b5e623a85-'>\n                                        <span class='es-icon es-icon_check-mark'><\/span><span class='es-field__label'>Cualquier<\/span><\/label>\n                                  <\/div>\n                               <\/div>\n                           \n                               <div class='es-field es-field__from_bedrooms es-field--radio-item-bordered '>\n                                   <div class='es-radio--bordered'><input id=\"from_bedrooms-69f3b5e623a85-1\" name=\"from_bedrooms\" class=\"js-es-search-field js-es-search-field--bedrooms es-field__input es-field__input\" data-single_unit=\"cama\" data-plural_unit=\"camas\" data-formatter=\"beds\" data-base-name=\"bedrooms\" type=\"radio\" value=\"1\" \/><label for='from_bedrooms-69f3b5e623a85-1'>\n                                        <span class='es-icon es-icon_check-mark'><\/span><span class='es-field__label'>1+<\/span><\/label>\n                                  <\/div>\n                               <\/div>\n                           \n                               <div class='es-field es-field__from_bedrooms es-field--radio-item-bordered '>\n                                   <div class='es-radio--bordered'><input id=\"from_bedrooms-69f3b5e623a85-2\" name=\"from_bedrooms\" class=\"js-es-search-field js-es-search-field--bedrooms es-field__input es-field__input\" data-single_unit=\"cama\" data-plural_unit=\"camas\" data-formatter=\"beds\" data-base-name=\"bedrooms\" type=\"radio\" value=\"2\" \/><label for='from_bedrooms-69f3b5e623a85-2'>\n                                        <span class='es-icon es-icon_check-mark'><\/span><span class='es-field__label'>2+<\/span><\/label>\n                                  <\/div>\n                               <\/div>\n                           \n                               <div class='es-field es-field__from_bedrooms es-field--radio-item-bordered '>\n                                   <div class='es-radio--bordered'><input id=\"from_bedrooms-69f3b5e623a85-3\" name=\"from_bedrooms\" class=\"js-es-search-field js-es-search-field--bedrooms es-field__input es-field__input\" data-single_unit=\"cama\" data-plural_unit=\"camas\" data-formatter=\"beds\" data-base-name=\"bedrooms\" type=\"radio\" value=\"3\" \/><label for='from_bedrooms-69f3b5e623a85-3'>\n                                        <span class='es-icon es-icon_check-mark'><\/span><span class='es-field__label'>3+<\/span><\/label>\n                                  <\/div>\n                               <\/div>\n                           \n                               <div class='es-field es-field__from_bedrooms es-field--radio-item-bordered '>\n                                   <div class='es-radio--bordered'><input id=\"from_bedrooms-69f3b5e623a85-4\" name=\"from_bedrooms\" class=\"js-es-search-field js-es-search-field--bedrooms es-field__input es-field__input\" data-single_unit=\"cama\" data-plural_unit=\"camas\" data-formatter=\"beds\" data-base-name=\"bedrooms\" type=\"radio\" value=\"4\" \/><label for='from_bedrooms-69f3b5e623a85-4'>\n                                        <span class='es-icon es-icon_check-mark'><\/span><span class='es-field__label'>4+<\/span><\/label>\n                                  <\/div>\n                               <\/div>\n                           <\/div>\n                               <\/div>\n                                                       \n                               <div class='es-field es-field__from_bathrooms es-field--radio-bordered  js-search-field-container'>\n                                   <span class='es-field__label'>Ba\u00f1os\n<\/span><div class='es-field-row'><input type='hidden' name='from_bathrooms' value=''\/>\n                               <div class='es-field es-field__from_bathrooms es-field--radio-item-bordered '>\n                                   <div class='es-radio--bordered'><input id=\"from_bathrooms-69f3b5e623b83-\" name=\"from_bathrooms\" class=\"js-es-search-field js-es-search-field--bathrooms es-field__input es-field__input\" data-single_unit=\"ba\u00f1o\" data-plural_unit=\"ba\u00f1os\" data-formatter=\"baths\" data-base-name=\"bathrooms\" type=\"radio\" value=\"\" \/><label for='from_bathrooms-69f3b5e623b83-'>\n                                        <span class='es-icon es-icon_check-mark'><\/span><span class='es-field__label'>Cualquier<\/span><\/label>\n                                  <\/div>\n                               <\/div>\n                           \n                               <div class='es-field es-field__from_bathrooms es-field--radio-item-bordered '>\n                                   <div class='es-radio--bordered'><input id=\"from_bathrooms-69f3b5e623b83-1\" name=\"from_bathrooms\" class=\"js-es-search-field js-es-search-field--bathrooms es-field__input es-field__input\" data-single_unit=\"ba\u00f1o\" data-plural_unit=\"ba\u00f1os\" data-formatter=\"baths\" data-base-name=\"bathrooms\" type=\"radio\" value=\"1\" \/><label for='from_bathrooms-69f3b5e623b83-1'>\n                                        <span class='es-icon es-icon_check-mark'><\/span><span class='es-field__label'>1+<\/span><\/label>\n                                  <\/div>\n                               <\/div>\n                           \n                               <div class='es-field es-field__from_bathrooms es-field--radio-item-bordered '>\n                                   <div class='es-radio--bordered'><input id=\"from_bathrooms-69f3b5e623b83-2\" name=\"from_bathrooms\" class=\"js-es-search-field js-es-search-field--bathrooms es-field__input es-field__input\" data-single_unit=\"ba\u00f1o\" data-plural_unit=\"ba\u00f1os\" data-formatter=\"baths\" data-base-name=\"bathrooms\" type=\"radio\" value=\"2\" \/><label for='from_bathrooms-69f3b5e623b83-2'>\n                                        <span class='es-icon es-icon_check-mark'><\/span><span class='es-field__label'>2+<\/span><\/label>\n                                  <\/div>\n                               <\/div>\n                           \n                               <div class='es-field es-field__from_bathrooms es-field--radio-item-bordered '>\n                                   <div class='es-radio--bordered'><input id=\"from_bathrooms-69f3b5e623b83-3\" name=\"from_bathrooms\" class=\"js-es-search-field js-es-search-field--bathrooms es-field__input es-field__input\" data-single_unit=\"ba\u00f1o\" data-plural_unit=\"ba\u00f1os\" data-formatter=\"baths\" data-base-name=\"bathrooms\" type=\"radio\" value=\"3\" \/><label for='from_bathrooms-69f3b5e623b83-3'>\n                                        <span class='es-icon es-icon_check-mark'><\/span><span class='es-field__label'>3+<\/span><\/label>\n                                  <\/div>\n                               <\/div>\n                           \n                               <div class='es-field es-field__from_bathrooms es-field--radio-item-bordered '>\n                                   <div class='es-radio--bordered'><input id=\"from_bathrooms-69f3b5e623b83-4\" name=\"from_bathrooms\" class=\"js-es-search-field js-es-search-field--bathrooms es-field__input es-field__input\" data-single_unit=\"ba\u00f1o\" data-plural_unit=\"ba\u00f1os\" data-formatter=\"baths\" data-base-name=\"bathrooms\" type=\"radio\" value=\"4\" \/><label for='from_bathrooms-69f3b5e623b83-4'>\n                                        <span class='es-icon es-icon_check-mark'><\/span><span class='es-field__label'>4+<\/span><\/label>\n                                  <\/div>\n                               <\/div>\n                           <\/div>\n                               <\/div>\n                                                       <div class='es-field-row es-field-row__range js-search-field-container'>\n                               <div class='js-es-field es-field es-field__min_area es-field--select '>\n                                   <label for='area-min-69f3b5e623c55'><span class='es-field__label'>\u00c1rea\n<\/span>\n\t\t\t<select id=\"area-min-69f3b5e623c55\" name=\"min_area\" placeholder=\"No min\" class=\"js-es-search-field js-es-search-field--area es-field__input\" data-single_unit=\"\" data-plural_unit=\"\" data-formatter=\"area\" data-base-name=\"area\" data-placeholder=\"No min\" ><option value=''>No min<\/option><option value=''  selected='selected'><\/option><option value='500' ><b>500<\/b> <span>pies cuadrados<\/span><\/option><option value='750' ><b>750<\/b> <span>pies cuadrados<\/span><\/option><option value='1000' ><b>1000<\/b> <span>pies cuadrados<\/span><\/option><option value='1250' ><b>1250<\/b> <span>pies cuadrados<\/span><\/option><option value='1500' ><b>1500<\/b> <span>pies cuadrados<\/span><\/option><option value='1750' ><b>1750<\/b> <span>pies cuadrados<\/span><\/option><option value='2000' ><b>2000<\/b> <span>pies cuadrados<\/span><\/option><option value='2250' ><b>2250<\/b> <span>pies cuadrados<\/span><\/option><option value='2500' ><b>2500<\/b> <span>pies cuadrados<\/span><\/option><option value='2750' ><b>2750<\/b> <span>pies cuadrados<\/span><\/option><option value='3000' ><b>3000<\/b> <span>pies cuadrados<\/span><\/option><option value='4000' ><b>4000<\/b> <span>pies cuadrados<\/span><\/option><option value='5000' ><b>5000<\/b> <span>pies cuadrados<\/span><\/option><option value='7500' ><b>7500<\/b> <span>pies cuadrados<\/span><\/option><\/select>\n\t\t<\/label>\n                               <\/div>\n                           \n                               <div class='js-es-field es-field es-field__max_area es-field--select '>\n                                   <label for='area-max-69f3b5e623c55'>\n\t\t\t<select id=\"area-max-69f3b5e623c55\" name=\"max_area\" placeholder=\"No max\" class=\"js-es-search-field js-es-search-field--area es-field__input\" data-single_unit=\"\" data-plural_unit=\"\" data-formatter=\"area\" data-base-name=\"area\" data-placeholder=\"No max\" ><option value=''>No max<\/option><option value=''  selected='selected'><\/option><option value='750' ><b>750<\/b> <span>pies cuadrados<\/span><\/option><option value='1000' ><b>1000<\/b> <span>pies cuadrados<\/span><\/option><option value='1250' ><b>1250<\/b> <span>pies cuadrados<\/span><\/option><option value='1500' ><b>1500<\/b> <span>pies cuadrados<\/span><\/option><option value='1750' ><b>1750<\/b> <span>pies cuadrados<\/span><\/option><option value='2000' ><b>2000<\/b> <span>pies cuadrados<\/span><\/option><option value='2250' ><b>2250<\/b> <span>pies cuadrados<\/span><\/option><option value='2500' ><b>2500<\/b> <span>pies cuadrados<\/span><\/option><option value='2750' ><b>2750<\/b> <span>pies cuadrados<\/span><\/option><option value='3000' ><b>3000<\/b> <span>pies cuadrados<\/span><\/option><option value='4000' ><b>4000<\/b> <span>pies cuadrados<\/span><\/option><option value='5000' ><b>5000<\/b> <span>pies cuadrados<\/span><\/option><option value='7500' ><b>7500<\/b> <span>pies cuadrados<\/span><\/option><option value='10000' ><b>10000<\/b> <span>pies cuadrados<\/span><\/option><\/select>\n\t\t<\/label>\n                               <\/div>\n                           <\/div>                                                                            \n        <a href=\"#\" data-toggle-label=\"Menos filtros&lt;span class=&quot;es-icon es-icon_chevron-top&quot;&gt;&lt;\/span&gt;\" class=\"es-search-more js-es-search-more es-hidden es-secondary-color es-hidden\">\n            M\u00e1s filtros<span class=\"es-icon es-icon_chevron-bottom\"><\/span>\n        <\/a>\n\n        <div class=\"es-search__buttons\">\n\t                                            <a href=\"#\" data-popup-id=\"#es-authentication-popup\" type=\"button\" class=\"es-btn es-btn--secondary es-btn--bordered js-es-popup-link has-text-color\">Guardar b\u00fasqueda\n<\/a>\n                                        <button type=\"submit\" class=\"es-btn es-btn--primary\"> <span class=\"es-icon es-icon_search\"><\/span>B\u00fasqueda\n<\/button>\n            <button type=\"reset\" class=\"es-btn es-btn--default\"> <span class=\"es-icon es-icon_close\"><\/span>Reiniciar<\/button>\n        <\/div>\n    <\/form>\n<\/div>\n<br \/>\n    <div data-search-form-selector='.js-es-search:not(.es-search--ignore-ajax)'>\n\n<div class=\"es-properties js-es-properties js-es-entities-wrap es-properties--hfm--full-width\">\n    \n    <div class=\"es-properties__list\">\n\t    \n<div class=\"es-listings__wrap-inner js-es-listings__wrap-inner js-es-entities__wrap_inner et_smooth_scroll_disabled\">\n    \n    <div data-entity=\"listings\" class=\"js-es-listings js-es-entities es-listings es-listings--list\" data-layout=\"es-listings--list\" data-hash=\"bGF5b3V0PWxpc3QmcG9zdHNfcGVyX3BhZ2U9NDAmZGlzYWJsZV9uYXZiYXI9MCZzaG93X3NvcnQ9MSZzaG93X3RvdGFsPTEmc2hvd19wYWdlX3RpdGxlPTEmc2hvd19sYXlvdXRzPTEmc29ydD1uZXdlc3QmbGltaXQ9MCZsb29wX3VpZD0xJnBhZ2VfdGl0bGU9YnVzcXVlZGEtYXZhbnphZGEteS1wcmVzZW50YWNpb24tZGUtZGlhcG9zaXRpdmFzJmlnbm9yZV9zZWFyY2g9MCZzZWFyY2hfZm9ybV9zZWxlY3Rvcj0uanMtZXMtc2VhcmNoOm5vdCguZXMtc2VhcmNoLS1pZ25vcmUtYWpheCkmZW5hYmxlX3NlYXJjaD0wJnNlYXJjaF90eXBlPXNpbXBsZSZlbmFibGVfYWpheD0xJnZpZXdfYWxsX2xpbmtfbmFtZT1WZXIgdG9kbyZkaXNhYmxlX3BhZ2luYXRpb249MCZ3aXNobGlzdF9jb25maXJtPTAmaGZtX2Z1bGxfd2lkdGg9MSZfaWdub3JlX2Nvb3JkaW5hdGVzPTAmZmllbGRzX2RlbGltaXRlcj0sJnN0cmljdF9hZGRyZXNzPTAmbWFwX3Nob3c9MCZhdXRob3JzPTA=\">\n            <\/div>\n\t        <div class=\"es-no-found-posts\">\n\t<h2 class=\"es-no-found-posts__title heading-font\">No hay resultados\n<\/h2>\n\t<p class=\"content-font\">Ajuste su b\u00fasqueda cambiando los filtros.\n<\/p>\n    <\/div>\n        <div class='es-powered content-font'>Powered by <a target='_blank' href='https:\/\/estatik.net'>Estatik<\/a><\/div><\/div>\n    <\/div>\n    <div class=\"js-es-properties__map es-properties__map \">\n\t        <div class=\"es-map-error content-font\">\n        \u00a1UPS! Esta p\u00e1gina no carg\u00f3 Google Maps correctamente. P\u00f3ngase en contacto con el administrador para solucionar este problema.    <\/div>\n    <\/div>\n<\/div>\n\n    <\/div>\n<\/p>\n","protected":false},"excerpt":{"rendered":"<p>[es_property_slideshow show=\u00bball\u00bb slider effect=\u00bbhorizontal\u00bb slides_to_show=\u00bb3&#8243; show_arrows=1]<\/p>\n","protected":false},"author":2,"featured_media":0,"parent":0,"menu_order":0,"comment_status":"closed","ping_status":"closed","template":"","meta":{"footnotes":""},"class_list":["post-553","page","type-page","status-publish","hentry"],"_links":{"self":[{"href":"https:\/\/www.enriquegrossl.es\/index.php\/wp-json\/wp\/v2\/pages\/553","targetHints":{"allow":["GET"]}}],"collection":[{"href":"https:\/\/www.enriquegrossl.es\/index.php\/wp-json\/wp\/v2\/pages"}],"about":[{"href":"https:\/\/www.enriquegrossl.es\/index.php\/wp-json\/wp\/v2\/types\/page"}],"author":[{"embeddable":true,"href":"https:\/\/www.enriquegrossl.es\/index.php\/wp-json\/wp\/v2\/users\/2"}],"replies":[{"embeddable":true,"href":"https:\/\/www.enriquegrossl.es\/index.php\/wp-json\/wp\/v2\/comments?post=553"}],"version-history":[{"count":0,"href":"https:\/\/www.enriquegrossl.es\/index.php\/wp-json\/wp\/v2\/pages\/553\/revisions"}],"wp:attachment":[{"href":"https:\/\/www.enriquegrossl.es\/index.php\/wp-json\/wp\/v2\/media?parent=553"}],"curies":[{"name":"wp","href":"https:\/\/api.w.org\/{rel}","templated":true}]}}